{"id":128,"date":"2020-07-24T10:09:16","date_gmt":"2020-07-24T10:09:16","guid":{"rendered":"http:\/\/wp.witcon.at\/?page_id=128"},"modified":"2020-11-16T08:34:35","modified_gmt":"2020-11-16T08:34:35","slug":"portfolio","status":"publish","type":"page","link":"https:\/\/www.witcon.at\/?page_id=128","title":{"rendered":"Dienstleistungen im SAP-Umfeld"},"content":{"rendered":"\n<p><strong>Softwareentwicklung<\/strong><br>Unser absolutes Spezialgebiet ist die Softwareentwicklung mit ABAP. In den letzten Jahren haben wir viele Funktionen und Schnittstellen in SAP-Systemen umgesetzt, die anf\u00e4nglich niemand f\u00fcr m\u00f6glich gehalten h\u00e4tte. Dabei kommt es nicht nur auf SAP-spezifisches Know-How an, sondern auch auf einen gro\u00dfen allgemeinen IT-Erfahrungsschatz. Unsere Erfahrungen aus der Softwareentwicklung mit anderen Programmiersprachen, in anderen Systemumgebungen und mit unterschiedlichster Hardware haben uns dabei sehr geholfen. Wenn Sie also in Ihrem Projekt an einer kniffligen Stelle angekommen sind und nicht sicher sind, wie es nun weiter gehen soll, dann sollten Sie diese Herausforderung mit uns besprechen. Nicht jeder, der programmieren kann, ist automatisch ein guter Entwickler. Es kommt auch auf die kreative Leistung, den richtigen Stil und den notwendigen Weitblick an. Wir bringen Ihre Idee in den Produktivbetrieb und nicht nur bis ins Teststadium!<\/p>\n\n\n\n<p><strong>Modul-spezifische Beratung<\/strong><br>Gerne beraten und unterst\u00fctzen wir Sie im Customizing und in der Entwicklung in den folgenden <a rel=\"noreferrer noopener\" href=\"https:\/\/de.wikipedia.org\/wiki\/SAP_ERP\" target=\"_blank\">SAP-Modulen<\/a>: MM, WM, PP, PM, SD, QM. Ein guter Modul-Berater bringt nach unserem Verst\u00e4ndnis aber nicht nur Wissen \u00fcber das jeweilige Modul, sondern auch Kommunikations- und Organisationstalent mit. Erfahrung mit Methoden zur Anforderungsanalyse und -definition geh\u00f6ren genau so dazu, wie das Management von IT-Projekten ganz allgemein. <br><br><strong>Beratung und Entwicklung f\u00fcr Produkte der Firma <a rel=\"noreferrer noopener\" href=\"http:\/\/www.mobisys.de\" target=\"_blank\">Mobisys<\/a><\/strong><br>Mobisys hat sich auf schnelle und kosteng\u00fcnstige Implementierung von mobilen SAP-Prozessen spezialisiert und daf\u00fcr mehrere <a rel=\"noreferrer noopener\" href=\"https:\/\/mobisys.com\/produkte\/\" target=\"_blank\">Produkte<\/a> und <a rel=\"noreferrer noopener\" href=\"https:\/\/mobisys.com\/loesungen\/\" target=\"_blank\">Ready-to-use Templates<\/a> erschaffen, welche mit den Entwicklungsumgebungen Mobisys Solution Builder und MSB FIVE Application Builder auf die kundeneigenen Bed\u00fcrfnisse angepasst werden k\u00f6nnen. Wir k\u00f6nnen Ihnen die St\u00e4rken und Schw\u00e4chen dieser Produkte erkl\u00e4ren und Sie bei der Einf\u00fchrung und Anpassung beraten und unters\u00fctzen. <\/p>\n","protected":false},"excerpt":{"rendered":"<p>SoftwareentwicklungUnser absolutes Spezialgebiet ist die Softwareentwicklung mit ABAP. In den letzten Jahren haben wir viele Funktionen und Schnittstellen in SAP-Systemen umgesetzt, die anf\u00e4nglich niemand f\u00fcr m\u00f6glich gehalten h\u00e4tte. Dabei kommt es nicht nur auf SAP-spezifisches Know-How an, sondern auch auf einen gro\u00dfen allgemeinen IT-Erfahrungsschatz. Unsere Erfahrungen aus der Softwareentwicklung mit anderen Programmiersprachen, in anderen Systemumgebungen &hellip; <\/p>\n<p class=\"link-more\"><a href=\"https:\/\/www.witcon.at\/?page_id=128\" class=\"more-link\"><span class=\"screen-reader-text\">\u201eDienstleistungen im SAP-Umfeld\u201c<\/span> weiterlesen<\/a><\/p>\n","protected":false},"author":3,"featured_media":0,"parent":0,"menu_order":3,"comment_status":"closed","ping_status":"closed","template":"","meta":[],"_links":{"self":[{"href":"https:\/\/www.witcon.at\/index.php?rest_route=\/wp\/v2\/pages\/128"}],"collection":[{"href":"https:\/\/www.witcon.at\/index.php?rest_route=\/wp\/v2\/pages"}],"about":[{"href":"https:\/\/www.witcon.at\/index.php?rest_route=\/wp\/v2\/types\/page"}],"author":[{"embeddable":true,"href":"https:\/\/www.witcon.at\/index.php?rest_route=\/wp\/v2\/users\/3"}],"replies":[{"embeddable":true,"href":"https:\/\/www.witcon.at\/index.php?rest_route=%2Fwp%2Fv2%2Fcomments&post=128"}],"version-history":[{"count":19,"href":"https:\/\/www.witcon.at\/index.php?rest_route=\/wp\/v2\/pages\/128\/revisions"}],"predecessor-version":[{"id":234,"href":"https:\/\/www.witcon.at\/index.php?rest_route=\/wp\/v2\/pages\/128\/revisions\/234"}],"wp:attachment":[{"href":"https:\/\/www.witcon.at\/index.php?rest_route=%2Fwp%2Fv2%2Fmedia&parent=128"}],"curies":[{"name":"wp","href":"https:\/\/api.w.org\/{rel}","templated":true}]}}