{"id":3,"date":"2020-06-29T13:44:07","date_gmt":"2020-06-29T13:44:07","guid":{"rendered":"http:\/\/wp.witcon.at\/?page_id=3"},"modified":"2020-10-23T14:25:28","modified_gmt":"2020-10-23T14:25:28","slug":"privacy-policy","status":"publish","type":"page","link":"https:\/\/www.witcon.at\/?page_id=3","title":{"rendered":"Datenschutzerkl\u00e4rung"},"content":{"rendered":"\n<p><strong>Erkl\u00e4rung zur Informationspflicht<br>(Datenschutzerkl\u00e4rung)<\/strong><br>Der Schutz Ihrer pers\u00f6nlichen Daten ist uns ein besonderes Anliegen. Wir verarbeiten Ihre Daten daher ausschlie\u00dflich auf Grundlage der gesetzlichen Bestimmungen (DSGVO, TKG 2003). In diesen Datenschutzinformationen informieren wir Sie \u00fcber die wichtigsten Aspekte der Datenverarbeitung im Rahmen unserer Website. Beim Besuch unserer Webseite wird Ihre IP-Adresse, Beginn und Ende der Sitzung f\u00fcr die Dauer dieser Sitzung erfasst. Dies ist technisch bedingt und stellt damit ein berechtigtes Interesse iSv Art 6 Abs 1 lit f DSGVO dar. Soweit im Folgenden nichts anderes geregelt wird, werden diese Daten von uns nicht weiterverarbeitet.<\/p>\n\n\n\n<p><strong>Kontakt mit uns<\/strong><br>Wenn Sie per E-Mail Kontakt mit uns aufnehmen, werden Ihre angegebenen Daten zwecks Bearbeitung der Anfrage und f\u00fcr den Fall von Anschlussfragen sechs Monate bei uns gespeichert. Diese Daten geben wir nicht ohne Ihre Einwilligung weiter.<\/p>\n\n\n\n<p><\/p>\n","protected":false},"excerpt":{"rendered":"<p>Erkl\u00e4rung zur Informationspflicht(Datenschutzerkl\u00e4rung)Der Schutz Ihrer pers\u00f6nlichen Daten ist uns ein besonderes Anliegen. Wir verarbeiten Ihre Daten daher ausschlie\u00dflich auf Grundlage der gesetzlichen Bestimmungen (DSGVO, TKG 2003). In diesen Datenschutzinformationen informieren wir Sie \u00fcber die wichtigsten Aspekte der Datenverarbeitung im Rahmen unserer Website. Beim Besuch unserer Webseite wird Ihre IP-Adresse, Beginn und Ende der Sitzung f\u00fcr &hellip; <\/p>\n<p class=\"link-more\"><a href=\"https:\/\/www.witcon.at\/?page_id=3\" class=\"more-link\"><span class=\"screen-reader-text\">\u201eDatenschutzerkl\u00e4rung\u201c<\/span> weiterlesen<\/a><\/p>\n","protected":false},"author":3,"featured_media":0,"parent":0,"menu_order":0,"comment_status":"closed","ping_status":"open","template":"","meta":[],"_links":{"self":[{"href":"https:\/\/www.witcon.at\/index.php?rest_route=\/wp\/v2\/pages\/3"}],"collection":[{"href":"https:\/\/www.witcon.at\/index.php?rest_route=\/wp\/v2\/pages"}],"about":[{"href":"https:\/\/www.witcon.at\/index.php?rest_route=\/wp\/v2\/types\/page"}],"author":[{"embeddable":true,"href":"https:\/\/www.witcon.at\/index.php?rest_route=\/wp\/v2\/users\/3"}],"replies":[{"embeddable":true,"href":"https:\/\/www.witcon.at\/index.php?rest_route=%2Fwp%2Fv2%2Fcomments&post=3"}],"version-history":[{"count":2,"href":"https:\/\/www.witcon.at\/index.php?rest_route=\/wp\/v2\/pages\/3\/revisions"}],"predecessor-version":[{"id":215,"href":"https:\/\/www.witcon.at\/index.php?rest_route=\/wp\/v2\/pages\/3\/revisions\/215"}],"wp:attachment":[{"href":"https:\/\/www.witcon.at\/index.php?rest_route=%2Fwp%2Fv2%2Fmedia&parent=3"}],"curies":[{"name":"wp","href":"https:\/\/api.w.org\/{rel}","templated":true}]}}