{"id":83,"date":"2020-07-13T11:14:36","date_gmt":"2020-07-13T11:14:36","guid":{"rendered":"http:\/\/wp.witcon.at\/?page_id=83"},"modified":"2025-11-14T08:08:05","modified_gmt":"2025-11-14T08:08:05","slug":"kontakt","status":"publish","type":"page","link":"https:\/\/www.witcon.at\/?page_id=83","title":{"rendered":"Kontakt"},"content":{"rendered":"\n<p>Nehmen Sie mit uns Kontakt auf und vereinbaren Sie einen ersten unverbindlichen Termin, damit wir Sie und Ihre Anforderung besser kennenlernen k\u00f6nnen.<\/p>\n\n\n\n<p>M\u00fchlberg 5a Top 1<br>6352 Ellmau<\/p>\n\n\n\n<p><strong>Telefon:<\/strong> +43 677 630 930 02<\/p>\n\n\n\n<p><strong>E-Mail: <\/strong><a href=\"mailto:daniel.woess@witcon.at\">Daniel W\u00f6ss<\/a><\/p>\n","protected":false},"excerpt":{"rendered":"<p>Nehmen Sie mit uns Kontakt auf und vereinbaren Sie einen ersten unverbindlichen Termin, damit wir Sie und Ihre Anforderung besser kennenlernen k\u00f6nnen. M\u00fchlberg 5a Top 16352 Ellmau Telefon: +43 677 630 930 02 E-Mail: Daniel W\u00f6ss<\/p>\n","protected":false},"author":3,"featured_media":0,"parent":0,"menu_order":5,"comment_status":"closed","ping_status":"closed","template":"","meta":[],"_links":{"self":[{"href":"https:\/\/www.witcon.at\/index.php?rest_route=\/wp\/v2\/pages\/83"}],"collection":[{"href":"https:\/\/www.witcon.at\/index.php?rest_route=\/wp\/v2\/pages"}],"about":[{"href":"https:\/\/www.witcon.at\/index.php?rest_route=\/wp\/v2\/types\/page"}],"author":[{"embeddable":true,"href":"https:\/\/www.witcon.at\/index.php?rest_route=\/wp\/v2\/users\/3"}],"replies":[{"embeddable":true,"href":"https:\/\/www.witcon.at\/index.php?rest_route=%2Fwp%2Fv2%2Fcomments&post=83"}],"version-history":[{"count":14,"href":"https:\/\/www.witcon.at\/index.php?rest_route=\/wp\/v2\/pages\/83\/revisions"}],"predecessor-version":[{"id":328,"href":"https:\/\/www.witcon.at\/index.php?rest_route=\/wp\/v2\/pages\/83\/revisions\/328"}],"wp:attachment":[{"href":"https:\/\/www.witcon.at\/index.php?rest_route=%2Fwp%2Fv2%2Fmedia&parent=83"}],"curies":[{"name":"wp","href":"https:\/\/api.w.org\/{rel}","templated":true}]}}