{"id":86,"date":"2020-07-13T11:16:55","date_gmt":"2020-07-13T11:16:55","guid":{"rendered":"http:\/\/wp.witcon.at\/?page_id=86"},"modified":"2025-11-14T08:07:03","modified_gmt":"2025-11-14T08:07:03","slug":"impressum","status":"publish","type":"page","link":"https:\/\/www.witcon.at\/?page_id=86","title":{"rendered":"Impressum"},"content":{"rendered":"\n<p><strong>W\u00f6ss IT-Consulting GmbH<\/strong> <br>M\u00fchlberg 5a Top 1<br>6352 Ellmau<br>Austria<br><br><strong>Telefon:<\/strong> +43 677 630 930 02 <br><strong>E-Mail: <\/strong><a href=\"mailto:daniel.woess@witcon.at\">Daniel W\u00f6ss<\/a><br><br><strong>Firmenbuchnummer:<\/strong> 514 948 b<br><strong>Firmenbuchgericht:<\/strong> Landesgericht Innsbruck<br><strong>Firmensitz:<\/strong> Politische Gemeinde Ellmau<br><br><strong>UID:<\/strong> ATU 7454 7813<br><br><a rel=\"noreferrer noopener\" href=\"https:\/\/firmen.wko.at\/w%C3%B6ss-it-consulting-gmbh\/tirol\/?firmaid=0e09ae29-562e-40af-8d20-d04a3ff4418d\" target=\"_blank\">Informationen lt. ECG<\/a><\/p>\n\n\n\n<p><\/p>\n","protected":false},"excerpt":{"rendered":"<p>W\u00f6ss IT-Consulting GmbH M\u00fchlberg 5a Top 16352 EllmauAustria Telefon: +43 677 630 930 02 E-Mail: Daniel W\u00f6ss Firmenbuchnummer: 514 948 bFirmenbuchgericht: Landesgericht InnsbruckFirmensitz: Politische Gemeinde Ellmau UID: ATU 7454 7813 Informationen lt. ECG<\/p>\n","protected":false},"author":3,"featured_media":0,"parent":0,"menu_order":0,"comment_status":"closed","ping_status":"closed","template":"","meta":[],"_links":{"self":[{"href":"https:\/\/www.witcon.at\/index.php?rest_route=\/wp\/v2\/pages\/86"}],"collection":[{"href":"https:\/\/www.witcon.at\/index.php?rest_route=\/wp\/v2\/pages"}],"about":[{"href":"https:\/\/www.witcon.at\/index.php?rest_route=\/wp\/v2\/types\/page"}],"author":[{"embeddable":true,"href":"https:\/\/www.witcon.at\/index.php?rest_route=\/wp\/v2\/users\/3"}],"replies":[{"embeddable":true,"href":"https:\/\/www.witcon.at\/index.php?rest_route=%2Fwp%2Fv2%2Fcomments&post=86"}],"version-history":[{"count":14,"href":"https:\/\/www.witcon.at\/index.php?rest_route=\/wp\/v2\/pages\/86\/revisions"}],"predecessor-version":[{"id":327,"href":"https:\/\/www.witcon.at\/index.php?rest_route=\/wp\/v2\/pages\/86\/revisions\/327"}],"wp:attachment":[{"href":"https:\/\/www.witcon.at\/index.php?rest_route=%2Fwp%2Fv2%2Fmedia&parent=86"}],"curies":[{"name":"wp","href":"https:\/\/api.w.org\/{rel}","templated":true}]}}