{"id":88,"date":"2020-07-13T11:24:49","date_gmt":"2020-07-13T11:24:49","guid":{"rendered":"http:\/\/wp.witcon.at\/?page_id=88"},"modified":"2024-12-17T08:09:04","modified_gmt":"2024-12-17T08:09:04","slug":"willkommen","status":"publish","type":"page","link":"https:\/\/www.witcon.at\/","title":{"rendered":"Startseite"},"content":{"rendered":"\n<h1>Auf der Suche nach Unterst\u00fctzung bei Ihrem <a href=\"https:\/\/de.wikipedia.org\/wiki\/SAP_ERP\" target=\"_blank\" rel=\"noreferrer noopener\">SAP<\/a>-Projekt? Dann sind Sie hier richtig!<\/h1>\n\n\n\n<p>WITCON steht f\u00fcr W\u00f6ss IT-Consulting. Hinter dieser Marke steckt ein kleines, kreatives und zuverl\u00e4ssiges IT-Dienstleistungsunternehmen aus Ellmau in Tirol. Unser Fokus liegt klar auf Beratung und Softwareentwicklung mit Produkten von SAP. Ganz nach unserem Slogan \u201eWe think IT\u201c sind wir es aber auch gewohnt, \u00fcber den Tellerrand hinaus zu blicken und finden aufgrund unseres breiten IT-Know-Hows auch in gemischten Systemumgebungen immer eine gute L\u00f6sung f\u00fcr die Anforderungen unserer Kunden. Die Realisierung von Schnittstellen zu Fremdsystemen und das Auslagern von Funktionen auf mobile Endger\u00e4te z\u00e4hlen dabei zu unseren erfolgreichsten Gesch\u00e4ftsbereichen.<\/p>\n\n\n\n<p>Unabh\u00e4ngig von IT-spezifischen, sachlichen Kompetenzen z\u00e4hlen wir auch professionelles Projektmanagement und die Schaffung eines angenehmen und befriedigenden Arbeitsumfeldes f\u00fcr unsere Mitarbeiter zu den besonderen F\u00e4higkeiten unserer kleinen und daher flexiblen Organisation.<\/p>\n\n\n\n<p><\/p>\n","protected":false},"excerpt":{"rendered":"<p>Auf der Suche nach Unterst\u00fctzung bei Ihrem SAP-Projekt? Dann sind Sie hier richtig! WITCON steht f\u00fcr W\u00f6ss IT-Consulting. Hinter dieser Marke steckt ein kleines, kreatives und zuverl\u00e4ssiges IT-Dienstleistungsunternehmen aus Ellmau in Tirol. Unser Fokus liegt klar auf Beratung und Softwareentwicklung mit Produkten von SAP. Ganz nach unserem Slogan \u201eWe think IT\u201c sind wir es aber &hellip; <\/p>\n<p class=\"link-more\"><a href=\"https:\/\/www.witcon.at\/\" class=\"more-link\"><span class=\"screen-reader-text\">\u201eStartseite\u201c<\/span> weiterlesen<\/a><\/p>\n","protected":false},"author":3,"featured_media":0,"parent":0,"menu_order":1,"comment_status":"closed","ping_status":"closed","template":"","meta":[],"_links":{"self":[{"href":"https:\/\/www.witcon.at\/index.php?rest_route=\/wp\/v2\/pages\/88"}],"collection":[{"href":"https:\/\/www.witcon.at\/index.php?rest_route=\/wp\/v2\/pages"}],"about":[{"href":"https:\/\/www.witcon.at\/index.php?rest_route=\/wp\/v2\/types\/page"}],"author":[{"embeddable":true,"href":"https:\/\/www.witcon.at\/index.php?rest_route=\/wp\/v2\/users\/3"}],"replies":[{"embeddable":true,"href":"https:\/\/www.witcon.at\/index.php?rest_route=%2Fwp%2Fv2%2Fcomments&post=88"}],"version-history":[{"count":29,"href":"https:\/\/www.witcon.at\/index.php?rest_route=\/wp\/v2\/pages\/88\/revisions"}],"predecessor-version":[{"id":325,"href":"https:\/\/www.witcon.at\/index.php?rest_route=\/wp\/v2\/pages\/88\/revisions\/325"}],"wp:attachment":[{"href":"https:\/\/www.witcon.at\/index.php?rest_route=%2Fwp%2Fv2%2Fmedia&parent=88"}],"curies":[{"name":"wp","href":"https:\/\/api.w.org\/{rel}","templated":true}]}}